{"id":359,"date":"2024-09-09T14:28:12","date_gmt":"2024-09-09T11:28:12","guid":{"rendered":"https:\/\/www.cagrioner.com\/tubitak\/?page_id=359"},"modified":"2024-10-03T12:16:16","modified_gmt":"2024-10-03T09:16:16","slug":"sikca-sorulan-sorular","status":"publish","type":"page","link":"https:\/\/covid19.tubitak.gov.tr\/en\/sikca-sorulan-sorular\/","title":{"rendered":"Frequently Asked Questions"},"content":{"rendered":"<div data-elementor-type=\"wp-page\" data-elementor-id=\"359\" class=\"elementor elementor-359\" data-elementor-settings=\"{&quot;ha_cmc_init_switcher&quot;:&quot;no&quot;}\" data-elementor-post-type=\"page\">\n\t\t\t\t<div class=\"elementor-element elementor-element-514e5205 e-flex e-con-boxed e-con e-parent\" data-id=\"514e5205\" data-element_type=\"container\" data-e-type=\"container\" data-settings=\"{&quot;background_background&quot;:&quot;classic&quot;,&quot;_ha_eqh_enable&quot;:false}\">\n\t\t\t\t\t<div class=\"e-con-inner\">\n\t\t\t\t<div class=\"elementor-element elementor-element-14bd9d40 elementor-widget elementor-widget-toggle\" data-id=\"14bd9d40\" data-element_type=\"widget\" data-e-type=\"widget\" data-widget_type=\"toggle.default\">\n\t\t\t\t<div class=\"elementor-widget-container\">\n\t\t\t\t\t\t\t<div class=\"elementor-toggle\">\n\t\t\t\t\t\t\t<div class=\"elementor-toggle-item\">\n\t\t\t\t\t<div id=\"elementor-tab-title-3471\" class=\"elementor-tab-title\" data-tab=\"1\" role=\"button\" aria-controls=\"elementor-tab-content-3471\" aria-expanded=\"false\">\n\t\t\t\t\t\t\t\t\t\t\t\t<span class=\"elementor-toggle-icon elementor-toggle-icon-left\" aria-hidden=\"true\">\n\t\t\t\t\t\t\t\t\t\t\t\t\t\t\t<span class=\"elementor-toggle-icon-closed\"><svg class=\"e-font-icon-svg e-fas-caret-right\" viewbox=\"0 0 192 512\" xmlns=\"http:\/\/www.w3.org\/2000\/svg\"><path d=\"M0 384.662V127.338c0-17.818 21.543-26.741 34.142-14.142l128.662 128.662c7.81 7.81 7.81 20.474 0 28.284L34.142 398.804C21.543 411.404 0 402.48 0 384.662z\"><\/path><\/svg><\/span>\n\t\t\t\t\t\t\t\t<span class=\"elementor-toggle-icon-opened\"><svg class=\"elementor-toggle-icon-opened e-font-icon-svg e-fas-caret-up\" viewbox=\"0 0 320 512\" xmlns=\"http:\/\/www.w3.org\/2000\/svg\"><path d=\"M288.662 352H31.338c-17.818 0-26.741-21.543-14.142-34.142l128.662-128.662c7.81-7.81 20.474-7.81 28.284 0l128.662 128.662c12.6 12.599 3.676 34.142-14.142 34.142z\"><\/path><\/svg><\/span>\n\t\t\t\t\t\t\t\t\t\t\t\t\t<\/span>\n\t\t\t\t\t\t\t\t\t\t\t\t<a class=\"elementor-toggle-title\" tabindex=\"0\">What is Coronavirus (SARS-CoV-2)?<\/a>\n\t\t\t\t\t<\/div>\n\n\t\t\t\t\t<div id=\"elementor-tab-content-3471\" class=\"elementor-tab-content elementor-clearfix\" data-tab=\"1\" role=\"region\" aria-labelledby=\"elementor-tab-title-3471\"><p class=\"translation-block\">The new Coronavirus (SARS-CoV-2) is a virus first identified in a group of patients showing respiratory symptoms (fever, cough, shortness of breath) in Wuhan, China in late December. The outbreak was initially detected in people at the seafood and animal market in this region. It then spread from person to person, first to other cities in Hubei province, particularly Wuhan, and then to other provinces of the People's Republic of China and other countries worldwide.\n\nCoronaviruses are a family of viruses that can cause disease in animals or humans. The SARS-CoV-2 virus belongs to a large virus family known as Coronaviridae. Seven different types of coronaviruses are known to cause diseases in humans, ranging from common cold to more severe respiratory infections such as Middle East Respiratory Syndrome (MERS) and Severe Acute Respiratory Syndrome (SARS). The World Health Organization (WHO) has officially named the virus SARS-CoV-2 (Severe Acute Respiratory Syndrome-Coronavirus-2), and the disease caused by the virus as COVID-19. On March 11, 2020, the World Health Organization declared the outbreak a pandemic, meaning a global epidemic disease.<\/p><\/div>\n\t\t\t\t<\/div>\n\t\t\t\t\t\t\t<div class=\"elementor-toggle-item\">\n\t\t\t\t\t<div id=\"elementor-tab-title-3472\" class=\"elementor-tab-title\" data-tab=\"2\" role=\"button\" aria-controls=\"elementor-tab-content-3472\" aria-expanded=\"false\">\n\t\t\t\t\t\t\t\t\t\t\t\t<span class=\"elementor-toggle-icon elementor-toggle-icon-left\" aria-hidden=\"true\">\n\t\t\t\t\t\t\t\t\t\t\t\t\t\t\t<span class=\"elementor-toggle-icon-closed\"><svg class=\"e-font-icon-svg e-fas-caret-right\" viewbox=\"0 0 192 512\" xmlns=\"http:\/\/www.w3.org\/2000\/svg\"><path d=\"M0 384.662V127.338c0-17.818 21.543-26.741 34.142-14.142l128.662 128.662c7.81 7.81 7.81 20.474 0 28.284L34.142 398.804C21.543 411.404 0 402.48 0 384.662z\"><\/path><\/svg><\/span>\n\t\t\t\t\t\t\t\t<span class=\"elementor-toggle-icon-opened\"><svg class=\"elementor-toggle-icon-opened e-font-icon-svg e-fas-caret-up\" viewbox=\"0 0 320 512\" xmlns=\"http:\/\/www.w3.org\/2000\/svg\"><path d=\"M288.662 352H31.338c-17.818 0-26.741-21.543-14.142-34.142l128.662-128.662c7.81-7.81 20.474-7.81 28.284 0l128.662 128.662c12.6 12.599 3.676 34.142-14.142 34.142z\"><\/path><\/svg><\/span>\n\t\t\t\t\t\t\t\t\t\t\t\t\t<\/span>\n\t\t\t\t\t\t\t\t\t\t\t\t<a class=\"elementor-toggle-title\" tabindex=\"0\">How is Coronavirus infection (COVID-19) transmitted?<\/a>\n\t\t\t\t\t<\/div>\n\n\t\t\t\t\t<div id=\"elementor-tab-content-3472\" class=\"elementor-tab-content elementor-clearfix\" data-tab=\"2\" role=\"region\" aria-labelledby=\"elementor-tab-title-3472\"><p>The virus can spread from person to person mainly through respiratory secretion droplets dispersed into the environment through coughing and sneezing by infected individuals, and through contact with surfaces that patients have touched, via eye, mouth, nasal mucosa, and handshaking. Additionally, it has been shown that respiratory droplets that can spread to surfaces through means such as coughing retain their infectivity for a period of time. Coronaviruses are generally viruses that are not resilient in external environments. However, currently, the exact transmission period and environmental survival time of the new coronavirus are not clearly known.<\/p><\/div>\n\t\t\t\t<\/div>\n\t\t\t\t\t\t\t<div class=\"elementor-toggle-item\">\n\t\t\t\t\t<div id=\"elementor-tab-title-3473\" class=\"elementor-tab-title\" data-tab=\"3\" role=\"button\" aria-controls=\"elementor-tab-content-3473\" aria-expanded=\"false\">\n\t\t\t\t\t\t\t\t\t\t\t\t<span class=\"elementor-toggle-icon elementor-toggle-icon-left\" aria-hidden=\"true\">\n\t\t\t\t\t\t\t\t\t\t\t\t\t\t\t<span class=\"elementor-toggle-icon-closed\"><svg class=\"e-font-icon-svg e-fas-caret-right\" viewbox=\"0 0 192 512\" xmlns=\"http:\/\/www.w3.org\/2000\/svg\"><path d=\"M0 384.662V127.338c0-17.818 21.543-26.741 34.142-14.142l128.662 128.662c7.81 7.81 7.81 20.474 0 28.284L34.142 398.804C21.543 411.404 0 402.48 0 384.662z\"><\/path><\/svg><\/span>\n\t\t\t\t\t\t\t\t<span class=\"elementor-toggle-icon-opened\"><svg class=\"elementor-toggle-icon-opened e-font-icon-svg e-fas-caret-up\" viewbox=\"0 0 320 512\" xmlns=\"http:\/\/www.w3.org\/2000\/svg\"><path d=\"M288.662 352H31.338c-17.818 0-26.741-21.543-14.142-34.142l128.662-128.662c7.81-7.81 20.474-7.81 28.284 0l128.662 128.662c12.6 12.599 3.676 34.142-14.142 34.142z\"><\/path><\/svg><\/span>\n\t\t\t\t\t\t\t\t\t\t\t\t\t<\/span>\n\t\t\t\t\t\t\t\t\t\t\t\t<a class=\"elementor-toggle-title\" tabindex=\"0\">How is Coronavirus infection (COVID-19) diagnosed?<\/a>\n\t\t\t\t\t<\/div>\n\n\t\t\t\t\t<div id=\"elementor-tab-content-3473\" class=\"elementor-tab-content elementor-clearfix\" data-tab=\"3\" role=\"region\" aria-labelledby=\"elementor-tab-title-3473\"><p>Molecular tests required for the diagnosis of new Coronavirus infection (COVID-19) are available in our country. The diagnostic test is performed in 37 different COVID-19 Reference Laboratories authorized by the Ministry of Health. The list of these laboratories and the provinces they serve can be accessed from the website below:<\/p><p><a href=\"https:\/\/covid19bilgi.saglik.gov.tr\/tr\/laboratuvar-listesi\">https:\/\/covid19bilgi.saglik.gov.tr\/tr\/laboratuvar-listesi<\/a><\/p><\/div>\n\t\t\t\t<\/div>\n\t\t\t\t\t\t\t<div class=\"elementor-toggle-item\">\n\t\t\t\t\t<div id=\"elementor-tab-title-3474\" class=\"elementor-tab-title\" data-tab=\"4\" role=\"button\" aria-controls=\"elementor-tab-content-3474\" aria-expanded=\"false\">\n\t\t\t\t\t\t\t\t\t\t\t\t<span class=\"elementor-toggle-icon elementor-toggle-icon-left\" aria-hidden=\"true\">\n\t\t\t\t\t\t\t\t\t\t\t\t\t\t\t<span class=\"elementor-toggle-icon-closed\"><svg class=\"e-font-icon-svg e-fas-caret-right\" viewbox=\"0 0 192 512\" xmlns=\"http:\/\/www.w3.org\/2000\/svg\"><path d=\"M0 384.662V127.338c0-17.818 21.543-26.741 34.142-14.142l128.662 128.662c7.81 7.81 7.81 20.474 0 28.284L34.142 398.804C21.543 411.404 0 402.48 0 384.662z\"><\/path><\/svg><\/span>\n\t\t\t\t\t\t\t\t<span class=\"elementor-toggle-icon-opened\"><svg class=\"elementor-toggle-icon-opened e-font-icon-svg e-fas-caret-up\" viewbox=\"0 0 320 512\" xmlns=\"http:\/\/www.w3.org\/2000\/svg\"><path d=\"M288.662 352H31.338c-17.818 0-26.741-21.543-14.142-34.142l128.662-128.662c7.81-7.81 20.474-7.81 28.284 0l128.662 128.662c12.6 12.599 3.676 34.142-14.142 34.142z\"><\/path><\/svg><\/span>\n\t\t\t\t\t\t\t\t\t\t\t\t\t<\/span>\n\t\t\t\t\t\t\t\t\t\t\t\t<a class=\"elementor-toggle-title\" tabindex=\"0\">Can antibiotics prevent or treat coronavirus infection (COVID-19)?<\/a>\n\t\t\t\t\t<\/div>\n\n\t\t\t\t\t<div id=\"elementor-tab-content-3474\" class=\"elementor-tab-content elementor-clearfix\" data-tab=\"4\" role=\"region\" aria-labelledby=\"elementor-tab-title-3474\"><p>Antibiotics do not affect viruses, they are only effective against bacteria. The pathogen causing COVID-19 infection is a virus called SARS-CoV-2.<\/p><\/div>\n\t\t\t\t<\/div>\n\t\t\t\t\t\t\t<div class=\"elementor-toggle-item\">\n\t\t\t\t\t<div id=\"elementor-tab-title-3475\" class=\"elementor-tab-title\" data-tab=\"5\" role=\"button\" aria-controls=\"elementor-tab-content-3475\" aria-expanded=\"false\">\n\t\t\t\t\t\t\t\t\t\t\t\t<span class=\"elementor-toggle-icon elementor-toggle-icon-left\" aria-hidden=\"true\">\n\t\t\t\t\t\t\t\t\t\t\t\t\t\t\t<span class=\"elementor-toggle-icon-closed\"><svg class=\"e-font-icon-svg e-fas-caret-right\" viewbox=\"0 0 192 512\" xmlns=\"http:\/\/www.w3.org\/2000\/svg\"><path d=\"M0 384.662V127.338c0-17.818 21.543-26.741 34.142-14.142l128.662 128.662c7.81 7.81 7.81 20.474 0 28.284L34.142 398.804C21.543 411.404 0 402.48 0 384.662z\"><\/path><\/svg><\/span>\n\t\t\t\t\t\t\t\t<span class=\"elementor-toggle-icon-opened\"><svg class=\"elementor-toggle-icon-opened e-font-icon-svg e-fas-caret-up\" viewbox=\"0 0 320 512\" xmlns=\"http:\/\/www.w3.org\/2000\/svg\"><path d=\"M288.662 352H31.338c-17.818 0-26.741-21.543-14.142-34.142l128.662-128.662c7.81-7.81 20.474-7.81 28.284 0l128.662 128.662c12.6 12.599 3.676 34.142-14.142 34.142z\"><\/path><\/svg><\/span>\n\t\t\t\t\t\t\t\t\t\t\t\t\t<\/span>\n\t\t\t\t\t\t\t\t\t\t\t\t<a class=\"elementor-toggle-title\" tabindex=\"0\">What is the incubation period of Coronavirus (SARS-CoV-2)?<\/a>\n\t\t\t\t\t<\/div>\n\n\t\t\t\t\t<div id=\"elementor-tab-content-3475\" class=\"elementor-tab-content elementor-clearfix\" data-tab=\"5\" role=\"region\" aria-labelledby=\"elementor-tab-title-3475\"><p>Vir\u00fcs\u00fcn kulu\u00e7ka s\u00fcresi 2 g\u00fcn ile 14 g\u00fcn aras\u0131ndad\u0131r.<\/p><\/div>\n\t\t\t\t<\/div>\n\t\t\t\t\t\t\t<div class=\"elementor-toggle-item\">\n\t\t\t\t\t<div id=\"elementor-tab-title-3476\" class=\"elementor-tab-title\" data-tab=\"6\" role=\"button\" aria-controls=\"elementor-tab-content-3476\" aria-expanded=\"false\">\n\t\t\t\t\t\t\t\t\t\t\t\t<span class=\"elementor-toggle-icon elementor-toggle-icon-left\" aria-hidden=\"true\">\n\t\t\t\t\t\t\t\t\t\t\t\t\t\t\t<span class=\"elementor-toggle-icon-closed\"><svg class=\"e-font-icon-svg e-fas-caret-right\" viewbox=\"0 0 192 512\" xmlns=\"http:\/\/www.w3.org\/2000\/svg\"><path d=\"M0 384.662V127.338c0-17.818 21.543-26.741 34.142-14.142l128.662 128.662c7.81 7.81 7.81 20.474 0 28.284L34.142 398.804C21.543 411.404 0 402.48 0 384.662z\"><\/path><\/svg><\/span>\n\t\t\t\t\t\t\t\t<span class=\"elementor-toggle-icon-opened\"><svg class=\"elementor-toggle-icon-opened e-font-icon-svg e-fas-caret-up\" viewbox=\"0 0 320 512\" xmlns=\"http:\/\/www.w3.org\/2000\/svg\"><path d=\"M288.662 352H31.338c-17.818 0-26.741-21.543-14.142-34.142l128.662-128.662c7.81-7.81 20.474-7.81 28.284 0l128.662 128.662c12.6 12.599 3.676 34.142-14.142 34.142z\"><\/path><\/svg><\/span>\n\t\t\t\t\t\t\t\t\t\t\t\t\t<\/span>\n\t\t\t\t\t\t\t\t\t\t\t\t<a class=\"elementor-toggle-title\" tabindex=\"0\">What are the symptoms and illnesses caused by Coronavirus infection (COVID-19)?<\/a>\n\t\t\t\t\t<\/div>\n\n\t\t\t\t\t<div id=\"elementor-tab-content-3476\" class=\"elementor-tab-content elementor-clearfix\" data-tab=\"6\" role=\"region\" aria-labelledby=\"elementor-tab-title-3476\"><p>The most common symptoms are fever, cough, and shortness of breath. In severe cases, pneumonia, severe respiratory failure, kidney failure, and death may develop.<\/p><\/div>\n\t\t\t\t<\/div>\n\t\t\t\t\t\t\t<div class=\"elementor-toggle-item\">\n\t\t\t\t\t<div id=\"elementor-tab-title-3477\" class=\"elementor-tab-title\" data-tab=\"7\" role=\"button\" aria-controls=\"elementor-tab-content-3477\" aria-expanded=\"false\">\n\t\t\t\t\t\t\t\t\t\t\t\t<span class=\"elementor-toggle-icon elementor-toggle-icon-left\" aria-hidden=\"true\">\n\t\t\t\t\t\t\t\t\t\t\t\t\t\t\t<span class=\"elementor-toggle-icon-closed\"><svg class=\"e-font-icon-svg e-fas-caret-right\" viewbox=\"0 0 192 512\" xmlns=\"http:\/\/www.w3.org\/2000\/svg\"><path d=\"M0 384.662V127.338c0-17.818 21.543-26.741 34.142-14.142l128.662 128.662c7.81 7.81 7.81 20.474 0 28.284L34.142 398.804C21.543 411.404 0 402.48 0 384.662z\"><\/path><\/svg><\/span>\n\t\t\t\t\t\t\t\t<span class=\"elementor-toggle-icon-opened\"><svg class=\"elementor-toggle-icon-opened e-font-icon-svg e-fas-caret-up\" viewbox=\"0 0 320 512\" xmlns=\"http:\/\/www.w3.org\/2000\/svg\"><path d=\"M288.662 352H31.338c-17.818 0-26.741-21.543-14.142-34.142l128.662-128.662c7.81-7.81 20.474-7.81 28.284 0l128.662 128.662c12.6 12.599 3.676 34.142-14.142 34.142z\"><\/path><\/svg><\/span>\n\t\t\t\t\t\t\t\t\t\t\t\t\t<\/span>\n\t\t\t\t\t\t\t\t\t\t\t\t<a class=\"elementor-toggle-title\" tabindex=\"0\">Who is more affected by Coronavirus (SARS-CoV-2)?<\/a>\n\t\t\t\t\t<\/div>\n\n\t\t\t\t\t<div id=\"elementor-tab-content-3477\" class=\"elementor-tab-content elementor-clearfix\" data-tab=\"7\" role=\"region\" aria-labelledby=\"elementor-tab-title-3477\"><p>The risk of developing severe illness from the virus is higher in elderly people and those with accompanying diseases (such as asthma, diabetes, heart disease).<\/p><\/div>\n\t\t\t\t<\/div>\n\t\t\t\t\t\t\t\t\t\t<script type=\"application\/ld+json\">{\"@context\":\"https:\\\/\\\/schema.org\",\"@type\":\"FAQPage\",\"mainEntity\":[{\"@type\":\"Question\",\"name\":\"Koronavir\\u00fcs (SARS-CoV-2) nedir?\",\"acceptedAnswer\":{\"@type\":\"Answer\",\"text\":\"<p>Yeni Koronavir\\u00fcs\\u00a0<strong>(<\\\/strong><strong>SARS-CoV-2<\\\/strong><strong>)<\\\/strong>, ilk olarak \\u00c7in\\u2019in Vuhan \\u015fehrinde\\u00a0Aral\\u0131k ay\\u0131\\u00a0sonlar\\u0131nda solunum yolu rahats\\u0131zl\\u0131\\u011f\\u0131 belirtileri (ate\\u015f, \\u00f6ks\\u00fcr\\u00fck, nefes darl\\u0131\\u011f\\u0131) g\\u00f6steren bir grup hastada yap\\u0131lan ara\\u015ft\\u0131rmalar sonucunda\\u00a0tan\\u0131mlanm\\u0131\\u015f\\u00a0bir vir\\u00fcst\\u00fcr. Salg\\u0131n ba\\u015flang\\u0131\\u00e7ta bu b\\u00f6lgedeki deniz \\u00fcr\\u00fcnleri ve hayvan pazar\\u0131nda bulunan ki\\u015filerde tespit edilmi\\u015ftir. Daha sonra insandan insana bula\\u015farak, Vuhan ba\\u015fta olmak \\u00fczere Hubei eyaletindeki di\\u011fer \\u015fehirlere ve \\u00c7in Halk Cumhuriyeti\\u2019nin di\\u011fer eyaletlerine ve di\\u011fer d\\u00fcnya \\u00fclkelerine yay\\u0131lm\\u0131\\u015ft\\u0131r.<br \\\/>Coronavir\\u00fcsler, hayvanlarda veya insanlarda hastal\\u0131\\u011fa neden olabilen bir vir\\u00fcs ailesidir. SARS-CoV-2 vir\\u00fcs\\u00fc\\u00a0Coronaviridae olarak bilinen geni\\u015f bir\\u00a0<em>vir\\u00fcs<\\\/em>\\u00a0familyas\\u0131na aittir.\\u00a0\\u0130nsanlarda hastal\\u0131k yapan 7 farkl\\u0131 t\\u00fcr koronavir\\u00fcs\\u00fcn,\\u00a0so\\u011fuk alg\\u0131nl\\u0131\\u011f\\u0131, Orta Do\\u011fu Solunum Yetmezli\\u011fi Sendromu (MERS) ve \\u015eiddetli Akut Solunum Yolu Sendromu (SARS) gibi daha \\u015fiddetli solunum yolu enfeksiyonlar\\u0131na neden oldu\\u011fu bilinmektedir.\\u00a0D\\u00fcnya Sa\\u011fl\\u0131k \\u00d6rg\\u00fct\\u00fc (WHO)\\u00a0taraf\\u0131ndan vir\\u00fcs\\u00fcn resmi ad\\u0131\\u00a0SARS-CoV-2 (\\u015eiddetli Akut Solunum Sendromu-Koronavirus-2), vir\\u00fcs\\u00fcn neden oldu\\u011fu hastal\\u0131k ise COVID-19 olarak belirlenmi\\u015ftir. D\\u00fcnya Sa\\u011fl\\u0131k \\u00d6rg\\u00fct\\u00fc taraf\\u0131ndan\\u00a011 Mart 2020 tarihinde salg\\u0131n, pandemi, yani k\\u00fcresel salg\\u0131n hastal\\u0131k olarak ilan edilmi\\u015ftir.<\\\/p>\"}},{\"@type\":\"Question\",\"name\":\"Koronavir\\u00fcs enfeksiyonu (COVID-19) nas\\u0131l bula\\u015f\\u0131r?\",\"acceptedAnswer\":{\"@type\":\"Answer\",\"text\":\"<p>Vir\\u00fcs, insandan insana \\u00e7o\\u011funlukla enfekte olmu\\u015f bireylerin\\u00a0\\u00f6ks\\u00fcr\\u00fck, hap\\u015f\\u0131r\\u0131k\\u00a0ile ortama sa\\u00e7\\u0131lan solunum salg\\u0131s\\u0131\\u00a0damlac\\u0131klar\\u0131\\u00a0ve\\u00a0hastalar\\u0131n temas etti\\u011fi y\\u00fczeylerden g\\u00f6z, a\\u011f\\u0131z, burun mukozas\\u0131 ve el s\\u0131k\\u0131\\u015fma ile bula\\u015fabilir. \\u00d6te yandan \\u00f6ks\\u00fcr\\u00fck gibi yollarla y\\u00fczeylere yay\\u0131labilecek solunum damlac\\u0131klar\\u0131n\\u0131n da bir s\\u00fcre bula\\u015f\\u0131c\\u0131l\\u0131k \\u00f6zelli\\u011fi ta\\u015f\\u0131d\\u0131\\u011f\\u0131 g\\u00f6sterilmi\\u015ftir.\\u00a0Coronavir\\u00fcsler genel olarak d\\u0131\\u015f ortamda dayan\\u0131kl\\u0131l\\u0131\\u011f\\u0131 olmayan vir\\u00fcslerdir. Ancak bug\\u00fcn i\\u00e7in yeni koronavir\\u00fcs\\u00fcn\\u00a0bula\\u015f\\u0131c\\u0131l\\u0131k s\\u00fcresi ve d\\u0131\\u015f ortama dayanma s\\u00fcresi net olarak bilinmemektedir.<\\\/p>\"}},{\"@type\":\"Question\",\"name\":\"Koronavir\\u00fcs enfeksiyonu (COVID-19) tan\\u0131s\\u0131 nas\\u0131l konur?\",\"acceptedAnswer\":{\"@type\":\"Answer\",\"text\":\"<p>Yeni Koronavir\\u00fcs enfeksiyonu (COVID-19) tan\\u0131s\\u0131 i\\u00e7in gerekli molek\\u00fcler testler \\u00fclkemizde mevcuttur. Tan\\u0131 testi Sa\\u011fl\\u0131k Bakanl\\u0131\\u011f\\u0131 taraf\\u0131ndan yetkilendirilmi\\u015f 37 farkl\\u0131 COVID-19 Referans Laboratuvar\\u0131nda yap\\u0131lmaktad\\u0131r. Bu laboratuvarlar ve hizmet ettikleri illerin listesine a\\u015fa\\u011f\\u0131daki internet sitesinden eri\\u015filebilmektedir:<\\\/p><p><a href=\\\"https:\\\/\\\/covid19bilgi.saglik.gov.tr\\\/tr\\\/laboratuvar-listesi\\\">https:\\\/\\\/covid19bilgi.saglik.gov.tr\\\/tr\\\/laboratuvar-listesi<\\\/a><\\\/p>\"}},{\"@type\":\"Question\",\"name\":\"Antibiyotikler koronavir\\u00fcs enfeksiyonunu (COVID-19) \\u00f6nleyebilir mi veya tedavi edebilir mi?\",\"acceptedAnswer\":{\"@type\":\"Answer\",\"text\":\"<p>Antibiyotikler vir\\u00fcslere etki etmez, sadece bakterilere kar\\u015f\\u0131 etkilidir. COVID-19 enfeksiyonuna neden olan patojen SARS-CoV-2 olarak adland\\u0131r\\u0131lan bir vir\\u00fcst\\u00fcr.<\\\/p>\"}},{\"@type\":\"Question\",\"name\":\"Koronavir\\u00fcs\\u00fcn (SARS-CoV-2) kulu\\u00e7ka (ink\\u00fcbasyon) s\\u00fcresi ne kadard\\u0131r?\",\"acceptedAnswer\":{\"@type\":\"Answer\",\"text\":\"<p>Vir\\u00fcs\\u00fcn kulu\\u00e7ka s\\u00fcresi 2 g\\u00fcn ile 14 g\\u00fcn aras\\u0131ndad\\u0131r.<\\\/p>\"}},{\"@type\":\"Question\",\"name\":\"Koronavir\\u00fcs enfeksiyonunun (COVID-19) neden oldu\\u011fu belirtiler ve olu\\u015fturdu\\u011fu hastal\\u0131klar nelerdir?\",\"acceptedAnswer\":{\"@type\":\"Answer\",\"text\":\"<p>En \\u00e7ok kar\\u015f\\u0131la\\u015f\\u0131lan belirtiler ate\\u015f, \\u00f6ks\\u00fcr\\u00fck ve nefes darl\\u0131\\u011f\\u0131d\\u0131r. \\u015eiddetli olgularda zat\\u00fcrre, a\\u011f\\u0131r solunum yetmezli\\u011fi, b\\u00f6brek yetmezli\\u011fi ve \\u00f6l\\u00fcm geli\\u015febilmektedir.<\\\/p>\"}},{\"@type\":\"Question\",\"name\":\"Koronavir\\u00fcs (SARS-CoV-2) kimleri daha fazla etkiler?\",\"acceptedAnswer\":{\"@type\":\"Answer\",\"text\":\"<p>\\u0130leri ya\\u015f ve e\\u015flik eden hastal\\u0131\\u011f\\u0131 (ast\\u0131m, diyabet, kalp hastal\\u0131\\u011f\\u0131 gibi) olanlarda vir\\u00fcs\\u00fcn a\\u011f\\u0131r hastal\\u0131k olu\\u015fturma riski daha y\\u00fcksektir.<\\\/p>\"}}]}<\/script>\n\t\t\t\t\t<\/div>\n\t\t\t\t\t\t<\/div>\n\t\t\t\t<\/div>\n\t\t\t\t\t<\/div>\n\t\t\t\t<\/div>\n\t\t\t\t<\/div>","protected":false},"excerpt":{"rendered":"<p>Koronavir\u00fcs (SARS-CoV-2) nedir? Yeni Koronavir\u00fcs\u00a0(SARS-CoV-2), ilk olarak \u00c7in\u2019in Vuhan \u015fehrinde\u00a0Aral\u0131k ay\u0131\u00a0sonlar\u0131nda solunum yolu rahats\u0131zl\u0131\u011f\u0131 belirtileri (ate\u015f, \u00f6ks\u00fcr\u00fck, nefes darl\u0131\u011f\u0131) g\u00f6steren bir grup hastada yap\u0131lan ara\u015ft\u0131rmalar sonucunda\u00a0tan\u0131mlanm\u0131\u015f\u00a0bir vir\u00fcst\u00fcr. Salg\u0131n ba\u015flang\u0131\u00e7ta bu b\u00f6lgedeki deniz \u00fcr\u00fcnleri ve hayvan pazar\u0131nda bulunan ki\u015filerde tespit edilmi\u015ftir. Daha sonra insandan insana bula\u015farak, Vuhan ba\u015fta olmak \u00fczere Hubei eyaletindeki di\u011fer \u015fehirlere ve \u00c7in [&hellip;]<\/p>","protected":false},"author":1,"featured_media":0,"parent":0,"menu_order":0,"comment_status":"closed","ping_status":"closed","template":"","meta":{"footnotes":""},"class_list":["post-359","page","type-page","status-publish","hentry"],"_links":{"self":[{"href":"https:\/\/covid19.tubitak.gov.tr\/en\/wp-json\/wp\/v2\/pages\/359","targetHints":{"allow":["GET"]}}],"collection":[{"href":"https:\/\/covid19.tubitak.gov.tr\/en\/wp-json\/wp\/v2\/pages"}],"about":[{"href":"https:\/\/covid19.tubitak.gov.tr\/en\/wp-json\/wp\/v2\/types\/page"}],"author":[{"embeddable":true,"href":"https:\/\/covid19.tubitak.gov.tr\/en\/wp-json\/wp\/v2\/users\/1"}],"replies":[{"embeddable":true,"href":"https:\/\/covid19.tubitak.gov.tr\/en\/wp-json\/wp\/v2\/comments?post=359"}],"version-history":[{"count":10,"href":"https:\/\/covid19.tubitak.gov.tr\/en\/wp-json\/wp\/v2\/pages\/359\/revisions"}],"predecessor-version":[{"id":669,"href":"https:\/\/covid19.tubitak.gov.tr\/en\/wp-json\/wp\/v2\/pages\/359\/revisions\/669"}],"wp:attachment":[{"href":"https:\/\/covid19.tubitak.gov.tr\/en\/wp-json\/wp\/v2\/media?parent=359"}],"curies":[{"name":"wp","href":"https:\/\/api.w.org\/{rel}","templated":true}]}}