{"id":389,"date":"2024-09-09T15:33:01","date_gmt":"2024-09-09T12:33:01","guid":{"rendered":"https:\/\/www.cagrioner.com\/tubitak\/?page_id=389"},"modified":"2024-10-03T12:41:00","modified_gmt":"2024-10-03T09:41:00","slug":"asi-ve-ilac-calismalari","status":"publish","type":"page","link":"https:\/\/covid19.tubitak.gov.tr\/en\/asi-ve-ilac-calismalari\/","title":{"rendered":"Vaccine and Drug Studies"},"content":{"rendered":"<div data-elementor-type=\"wp-page\" data-elementor-id=\"389\" class=\"elementor elementor-389\" data-elementor-settings=\"{&quot;ha_cmc_init_switcher&quot;:&quot;no&quot;}\" data-elementor-post-type=\"page\">\n\t\t\t\t<div class=\"elementor-element elementor-element-91acc82 e-flex e-con-boxed e-con e-parent\" data-id=\"91acc82\" data-element_type=\"container\" data-e-type=\"container\" data-settings=\"{&quot;_ha_eqh_enable&quot;:false}\">\n\t\t\t\t\t<div class=\"e-con-inner\">\n\t\t\t\t<div class=\"elementor-element elementor-element-ac7aa9e elementor-widget elementor-widget-text-editor\" data-id=\"ac7aa9e\" data-element_type=\"widget\" data-e-type=\"widget\" data-widget_type=\"text-editor.default\">\n\t\t\t\t<div class=\"elementor-widget-container\">\n\t\t\t\t\t\t\t\t\t<p>The platform has completed or terminated 12 out of the original 16 R&amp;D studies, either because research objectives were achieved or because the candidate product was unsuitable.<\/p><p>There are 4 ongoing studies:<\/p><ul class=\"-mt-1 list-disc space-y-2 pl-8\"><li class=\"whitespace-normal break-words\">One is receiving non-IPA funding:\n-Virus-Like Particles (VLP) awaiting Phase IIB\/III approval<\/li><li class=\"whitespace-normal break-words\">3 tanesi pilot \u00fcretim i\u00e7in haz\u0131r ve IPA&#8217;dan s\u00fcrekli deste\u011fe ihtiya\u00e7 duymaktad\u0131r.<ul class=\"-mt-1 list-disc space-y-2 pl-8\"><li class=\"whitespace-normal break-words\">DNA a\u015f\u0131s\u0131<\/li><li class=\"whitespace-normal break-words\">Rekombinant spike protein a\u015f\u0131s\u0131<\/li><li class=\"whitespace-normal break-words\">N\u00f6tralize Edici Antikorlar ilac\u0131<\/li><\/ul><\/li><\/ul>\t\t\t\t\t\t\t\t<\/div>\n\t\t\t\t<\/div>\n\t\t\t\t\t<\/div>\n\t\t\t\t<\/div>\n\t\t<div class=\"elementor-element elementor-element-e35cc5c e-flex e-con-boxed e-con e-parent\" data-id=\"e35cc5c\" data-element_type=\"container\" data-e-type=\"container\" data-settings=\"{&quot;_ha_eqh_enable&quot;:false}\">\n\t\t\t\t\t<div class=\"e-con-inner\">\n\t\t<div class=\"elementor-element elementor-element-2023960 e-con-full e-flex e-con e-child\" data-id=\"2023960\" data-element_type=\"container\" data-e-type=\"container\" data-settings=\"{&quot;_ha_eqh_enable&quot;:false}\">\n\t\t\t\t<div class=\"elementor-element elementor-element-7eafc9b elementor-widget elementor-widget-image\" data-id=\"7eafc9b\" data-element_type=\"widget\" data-e-type=\"widget\" data-widget_type=\"image.default\">\n\t\t\t\t<div class=\"elementor-widget-container\">\n\t\t\t\t\t\t\t\t\t\t\t\t\t\t\t<img decoding=\"async\" src=\"https:\/\/covid19.tubitak.gov.tr\/wp-content\/uploads\/2024\/09\/Logo_Ege_Uni.png\" title=\"Logo_Ege_Uni\" alt=\"Logo_Ege_Uni\" loading=\"lazy\" \/>\t\t\t\t\t\t\t\t\t\t\t\t\t\t\t<\/div>\n\t\t\t\t<\/div>\n\t\t\t\t<div class=\"elementor-element elementor-element-310cbb4 elementor-widget elementor-widget-text-editor\" data-id=\"310cbb4\" data-element_type=\"widget\" data-e-type=\"widget\" data-widget_type=\"text-editor.default\">\n\t\t\t\t<div class=\"elementor-widget-container\">\n\t\t\t\t\t\t\t\t\t<p><strong>V5 - DNA Vaccine<\/strong><\/p><p><span style=\"color: #000080;\">Ege University<\/span><\/p><p><span style=\"color: #800080;\">Total of 22 researchers including 11 women<\/span><\/p><p>\u00a0<\/p><p class=\"whitespace-pre-wrap break-words\"><strong>Achievements<\/strong><\/p><p>DNA vaccine design<\/p><p>Development of DNA vaccine platform<\/p><p>Production optimization of developed DNA vaccine in bioreactor<\/p><p>GMP production approval obtained from TITCK for DNA vaccine production<\/p><p>\u00a0<\/p><p class=\"whitespace-pre-wrap break-words\"><strong>Technical Capabilities<\/strong><\/p><p>Rapid DNA vaccine creation in FDA-approved vector<\/p><p>DNA vaccine application using electroporation method to increase vaccine efficacy<\/p><p>Upstream and downstream process optimization<\/p><p>\u00a0<\/p>\t\t\t\t\t\t\t\t<\/div>\n\t\t\t\t<\/div>\n\t\t\t\t<\/div>\n\t\t<div class=\"elementor-element elementor-element-640cb53 e-con-full e-flex e-con e-child\" data-id=\"640cb53\" data-element_type=\"container\" data-e-type=\"container\" data-settings=\"{&quot;_ha_eqh_enable&quot;:false}\">\n\t\t\t\t<div class=\"elementor-element elementor-element-a277f74 elementor-widget elementor-widget-image\" data-id=\"a277f74\" data-element_type=\"widget\" data-e-type=\"widget\" data-widget_type=\"image.default\">\n\t\t\t\t<div class=\"elementor-widget-container\">\n\t\t\t\t\t\t\t\t\t\t\t\t\t\t\t<img decoding=\"async\" src=\"https:\/\/covid19.tubitak.gov.tr\/wp-content\/uploads\/2024\/09\/izmir.png\" title=\"izmir\" alt=\"izmir\" loading=\"lazy\" \/>\t\t\t\t\t\t\t\t\t\t\t\t\t\t\t<\/div>\n\t\t\t\t<\/div>\n\t\t\t\t<div class=\"elementor-element elementor-element-3202cfe elementor-widget elementor-widget-text-editor\" data-id=\"3202cfe\" data-element_type=\"widget\" data-e-type=\"widget\" data-widget_type=\"text-editor.default\">\n\t\t\t\t<div class=\"elementor-widget-container\">\n\t\t\t\t\t\t\t\t\t<p><strong>V2 - Recombinant spike protein vaccine<\/strong><\/p><p><span style=\"color: #000080;\">Izmir Biomedicine and Genome Center<\/span><\/p><p><span style=\"color: #800080;\">Total of 35 researchers including 17 women<\/span><\/p><p>\u00a0<\/p><p class=\"whitespace-pre-wrap break-words\"><strong>Achievements<\/strong><\/p><p>RBD-expressing yeast strain was developed<\/p><p>Animal studies were completed<\/p><p>Technology transfer to industry was completed<\/p><p>\u00a0<\/p><p class=\"whitespace-pre-wrap break-words\"><strong>Technical Capabilities<\/strong><\/p><p>Application of Genetic Engineering techniques<\/p><p>Experience gained in yeast physiology, fermentation, purification and formulation<\/p><p>\u00a0<\/p><p class=\"whitespace-pre-wrap break-words\"><strong>Scientific Outputs<\/strong><\/p><p>1 article was published<\/p><p>Technology transfer files including batch records were transferred to ATABAY BIO<\/p>\t\t\t\t\t\t\t\t<\/div>\n\t\t\t\t<\/div>\n\t\t\t\t<\/div>\n\t\t<div class=\"elementor-element elementor-element-02487fc e-con-full e-flex e-con e-child\" data-id=\"02487fc\" data-element_type=\"container\" data-e-type=\"container\" data-settings=\"{&quot;_ha_eqh_enable&quot;:false}\">\n\t\t\t\t<div class=\"elementor-element elementor-element-c1a7622 elementor-widget elementor-widget-image\" data-id=\"c1a7622\" data-element_type=\"widget\" data-e-type=\"widget\" data-widget_type=\"image.default\">\n\t\t\t\t<div class=\"elementor-widget-container\">\n\t\t\t\t\t\t\t\t\t\t\t\t\t\t\t<img decoding=\"async\" src=\"https:\/\/covid19.tubitak.gov.tr\/wp-content\/uploads\/2024\/09\/tubitak.png\" title=\"tubitak\" alt=\"tubitak\" loading=\"lazy\" \/>\t\t\t\t\t\t\t\t\t\t\t\t\t\t\t<\/div>\n\t\t\t\t<\/div>\n\t\t\t\t<div class=\"elementor-element elementor-element-09652d9 elementor-widget elementor-widget-text-editor\" data-id=\"09652d9\" data-element_type=\"widget\" data-e-type=\"widget\" data-widget_type=\"text-editor.default\">\n\t\t\t\t<div class=\"elementor-widget-container\">\n\t\t\t\t\t\t\t\t\t<p><strong>Neutralizing Antibody Drug<\/strong><\/p><p><span style=\"color: #000080;\">TUBITAK - MAM<\/span><\/p><p><span style=\"color: #800080;\">Total of 50 researchers including 25 women<\/span><\/p><p>\u00a0<\/p><p class=\"whitespace-pre-wrap break-words\"><strong>Achievements<\/strong><\/p><p>Pre-clinical and stability studies completed for drug neutralizing COVID-19<\/p><p>\u00a0<\/p><p class=\"whitespace-pre-wrap break-words\"><strong>Technical Capabilities<\/strong><\/p><p>Recombinant antibody engineering<\/p><p><em>In vitro neutralization test development<\/em><\/p><p><em>In vivo challenge test<\/em><\/p><p>\u00a0<\/p><p class=\"whitespace-pre-wrap break-words\"><strong>Scientific Outputs<\/strong><\/p><p>6 articles published<\/p><p>6 publication submissions made<\/p><p>1 review published<\/p><p>2 patent preparations<\/p><p>10 posters<\/p>\t\t\t\t\t\t\t\t<\/div>\n\t\t\t\t<\/div>\n\t\t\t\t<\/div>\n\t\t\t\t\t<\/div>\n\t\t\t\t<\/div>\n\t\t\t\t<\/div>","protected":false},"excerpt":{"rendered":"<p>Platform, orijinal 16 Ar-Ge \u00e7al\u0131\u015fmas\u0131ndan 12&#8217;sini ya ara\u015ft\u0131rma hedeflerine ula\u015f\u0131ld\u0131\u011f\u0131 i\u00e7in ya da aday \u00fcr\u00fcn uygun olmad\u0131\u011f\u0131 i\u00e7in tamamlam\u0131\u015f veya sonland\u0131rm\u0131\u015ft\u0131r. 4 devam eden \u00e7al\u0131\u015fma bulunmaktad\u0131r: 1 tanesi IPA d\u0131\u015f\u0131 finansman almaktad\u0131r: -Vir\u00fcs Benzeri Par\u00e7ac\u0131klar (VLP) Faz IIB\/III onay\u0131 beklemektedir 3 tanesi pilot \u00fcretim i\u00e7in haz\u0131r ve IPA&#8217;dan s\u00fcrekli deste\u011fe ihtiya\u00e7 duymaktad\u0131r. DNA a\u015f\u0131s\u0131 Rekombinant [&hellip;]<\/p>","protected":false},"author":1,"featured_media":0,"parent":0,"menu_order":0,"comment_status":"closed","ping_status":"closed","template":"","meta":{"footnotes":""},"class_list":["post-389","page","type-page","status-publish","hentry"],"_links":{"self":[{"href":"https:\/\/covid19.tubitak.gov.tr\/en\/wp-json\/wp\/v2\/pages\/389","targetHints":{"allow":["GET"]}}],"collection":[{"href":"https:\/\/covid19.tubitak.gov.tr\/en\/wp-json\/wp\/v2\/pages"}],"about":[{"href":"https:\/\/covid19.tubitak.gov.tr\/en\/wp-json\/wp\/v2\/types\/page"}],"author":[{"embeddable":true,"href":"https:\/\/covid19.tubitak.gov.tr\/en\/wp-json\/wp\/v2\/users\/1"}],"replies":[{"embeddable":true,"href":"https:\/\/covid19.tubitak.gov.tr\/en\/wp-json\/wp\/v2\/comments?post=389"}],"version-history":[{"count":10,"href":"https:\/\/covid19.tubitak.gov.tr\/en\/wp-json\/wp\/v2\/pages\/389\/revisions"}],"predecessor-version":[{"id":691,"href":"https:\/\/covid19.tubitak.gov.tr\/en\/wp-json\/wp\/v2\/pages\/389\/revisions\/691"}],"wp:attachment":[{"href":"https:\/\/covid19.tubitak.gov.tr\/en\/wp-json\/wp\/v2\/media?parent=389"}],"curies":[{"name":"wp","href":"https:\/\/api.w.org\/{rel}","templated":true}]}}